{"id":116,"date":"2017-02-02T15:55:35","date_gmt":"2017-02-02T14:55:35","guid":{"rendered":"http:\/\/labonnepatelarochelle.fr\/?page_id=116"},"modified":"2024-11-23T22:30:00","modified_gmt":"2024-11-23T21:30:00","slug":"reserver-une-table","status":"publish","type":"page","link":"https:\/\/labonnepatelarochelle.fr\/index.php\/reserver-une-table\/","title":{"rendered":"R\u00e9server une table"},"content":{"rendered":"<p>Pour \u00eatre s\u00fbr de pouvoir b\u00e9n\u00e9ficier d&#8217;une <strong>table en terrasse ou \u00e0 l&#8217;int\u00e9rieur<\/strong>, pensez \u00e0 <strong>r\u00e9server<\/strong>!<br \/>Deux possibilit\u00e9s pour votre r\u00e9servation :<\/p>\n<h2 style=\"text-align: center;\"><a href=\"tel:+33516855043\">tel : +33 (0)5.16.85.50.43<\/a><\/h2>\n<p style=\"text-align: center;\"><strong>OU<\/strong><\/p>\n<h2 style=\"text-align: center;\"><strong>r\u00e9servation en ligne<\/strong><\/h2>\n<p style=\"text-align: center;\">(sauf r\u00e9servation de derni\u00e8re minute)<\/p>\n\n\n<p><\/p>\n","protected":false},"excerpt":{"rendered":"<p>Pour \u00eatre s\u00fbr de pouvoir b\u00e9n\u00e9ficier d&#8217;une table en terrasse ou \u00e0 l&#8217;int\u00e9rieur, pensez \u00e0 r\u00e9server!Deux possibilit\u00e9s pour votre r\u00e9servation : tel : +33 (0)5.16.85.50.43 OU r\u00e9servation en ligne (sauf r\u00e9servation de derni\u00e8re minute)<\/p>\n","protected":false},"author":1,"featured_media":269,"parent":0,"menu_order":0,"comment_status":"closed","ping_status":"closed","template":"","meta":{"footnotes":""},"class_list":["post-116","page","type-page","status-publish","has-post-thumbnail","czr-hentry"],"yoast_head":"<!-- This site is optimized with the Yoast SEO plugin v27.4 - https:\/\/yoast.com\/product\/yoast-seo-wordpress\/ -->\n<title>R\u00e9server une table &#8902; Restaurant La Bonne P\u00e2te - La Rochelle<\/title>\n<meta name=\"robots\" content=\"index, follow, max-snippet:-1, max-image-preview:large, max-video-preview:-1\" \/>\n<link rel=\"canonical\" href=\"https:\/\/labonnepatelarochelle.fr\/index.php\/reserver-une-table\/\" \/>\n<meta property=\"og:locale\" content=\"fr_FR\" \/>\n<meta property=\"og:type\" content=\"article\" \/>\n<meta property=\"og:title\" content=\"R\u00e9server une table &#8902; Restaurant La Bonne P\u00e2te - La Rochelle\" \/>\n<meta property=\"og:description\" content=\"Pour \u00eatre s\u00fbr de pouvoir b\u00e9n\u00e9ficier d&#8217;une table en terrasse ou \u00e0 l&#8217;int\u00e9rieur, pensez \u00e0 r\u00e9server!Deux possibilit\u00e9s pour votre r\u00e9servation : tel : +33 (0)5.16.85.50.43 OU r\u00e9servation en ligne (sauf r\u00e9servation de derni\u00e8re minute)\" \/>\n<meta property=\"og:url\" content=\"https:\/\/labonnepatelarochelle.fr\/index.php\/reserver-une-table\/\" \/>\n<meta property=\"og:site_name\" content=\"Restaurant La Bonne P\u00e2te - La Rochelle\" \/>\n<meta property=\"article:publisher\" content=\"http:\/\/www.facebook.com\/labonnepateLR\" \/>\n<meta property=\"article:modified_time\" content=\"2024-11-23T21:30:00+00:00\" \/>\n<meta property=\"og:image\" content=\"https:\/\/labonnepatelarochelle.fr\/wp-content\/uploads\/2018\/02\/place_de_la_fourche.jpg\" \/>\n\t<meta property=\"og:image:width\" content=\"2560\" \/>\n\t<meta property=\"og:image:height\" content=\"1707\" \/>\n\t<meta property=\"og:image:type\" content=\"image\/jpeg\" \/>\n<meta name=\"twitter:card\" content=\"summary_large_image\" \/>\n<meta name=\"twitter:label1\" content=\"Dur\u00e9e de lecture estim\u00e9e\" \/>\n\t<meta name=\"twitter:data1\" content=\"1 minute\" \/>\n<!-- \/ Yoast SEO plugin. -->","yoast_head_json":{"title":"R\u00e9server une table &#8902; Restaurant La Bonne P\u00e2te - La Rochelle","robots":{"index":"index","follow":"follow","max-snippet":"max-snippet:-1","max-image-preview":"max-image-preview:large","max-video-preview":"max-video-preview:-1"},"canonical":"https:\/\/labonnepatelarochelle.fr\/index.php\/reserver-une-table\/","og_locale":"fr_FR","og_type":"article","og_title":"R\u00e9server une table &#8902; Restaurant La Bonne P\u00e2te - La Rochelle","og_description":"Pour \u00eatre s\u00fbr de pouvoir b\u00e9n\u00e9ficier d&#8217;une table en terrasse ou \u00e0 l&#8217;int\u00e9rieur, pensez \u00e0 r\u00e9server!Deux possibilit\u00e9s pour votre r\u00e9servation : tel : +33 (0)5.16.85.50.43 OU r\u00e9servation en ligne (sauf r\u00e9servation de derni\u00e8re minute)","og_url":"https:\/\/labonnepatelarochelle.fr\/index.php\/reserver-une-table\/","og_site_name":"Restaurant La Bonne P\u00e2te - La Rochelle","article_publisher":"http:\/\/www.facebook.com\/labonnepateLR","article_modified_time":"2024-11-23T21:30:00+00:00","og_image":[{"width":2560,"height":1707,"url":"https:\/\/labonnepatelarochelle.fr\/wp-content\/uploads\/2018\/02\/place_de_la_fourche.jpg","type":"image\/jpeg"}],"twitter_card":"summary_large_image","twitter_misc":{"Dur\u00e9e de lecture estim\u00e9e":"1 minute"},"schema":{"@context":"https:\/\/schema.org","@graph":[{"@type":"WebPage","@id":"https:\/\/labonnepatelarochelle.fr\/index.php\/reserver-une-table\/","url":"https:\/\/labonnepatelarochelle.fr\/index.php\/reserver-une-table\/","name":"R\u00e9server une table &#8902; Restaurant La Bonne P\u00e2te - La Rochelle","isPartOf":{"@id":"https:\/\/labonnepatelarochelle.fr\/#website"},"primaryImageOfPage":{"@id":"https:\/\/labonnepatelarochelle.fr\/index.php\/reserver-une-table\/#primaryimage"},"image":{"@id":"https:\/\/labonnepatelarochelle.fr\/index.php\/reserver-une-table\/#primaryimage"},"thumbnailUrl":"https:\/\/labonnepatelarochelle.fr\/wp-content\/uploads\/2018\/02\/place_de_la_fourche.jpg","datePublished":"2017-02-02T14:55:35+00:00","dateModified":"2024-11-23T21:30:00+00:00","breadcrumb":{"@id":"https:\/\/labonnepatelarochelle.fr\/index.php\/reserver-une-table\/#breadcrumb"},"inLanguage":"fr-FR","potentialAction":[{"@type":"ReadAction","target":["https:\/\/labonnepatelarochelle.fr\/index.php\/reserver-une-table\/"]}]},{"@type":"ImageObject","inLanguage":"fr-FR","@id":"https:\/\/labonnepatelarochelle.fr\/index.php\/reserver-une-table\/#primaryimage","url":"https:\/\/labonnepatelarochelle.fr\/wp-content\/uploads\/2018\/02\/place_de_la_fourche.jpg","contentUrl":"https:\/\/labonnepatelarochelle.fr\/wp-content\/uploads\/2018\/02\/place_de_la_fourche.jpg","width":2560,"height":1707,"caption":"place de la fourche La Rochelle"},{"@type":"BreadcrumbList","@id":"https:\/\/labonnepatelarochelle.fr\/index.php\/reserver-une-table\/#breadcrumb","itemListElement":[{"@type":"ListItem","position":1,"name":"Accueil","item":"https:\/\/labonnepatelarochelle.fr\/"},{"@type":"ListItem","position":2,"name":"R\u00e9server une table"}]},{"@type":"WebSite","@id":"https:\/\/labonnepatelarochelle.fr\/#website","url":"https:\/\/labonnepatelarochelle.fr\/","name":"Restaurant La Bonne P\u00e2te - La Rochelle","description":"Pizzas artisanales, bruschettas, p\u00e2tes, salades, et desserts maisons","potentialAction":[{"@type":"SearchAction","target":{"@type":"EntryPoint","urlTemplate":"https:\/\/labonnepatelarochelle.fr\/?s={search_term_string}"},"query-input":{"@type":"PropertyValueSpecification","valueRequired":true,"valueName":"search_term_string"}}],"inLanguage":"fr-FR"}]}},"_links":{"self":[{"href":"https:\/\/labonnepatelarochelle.fr\/index.php\/wp-json\/wp\/v2\/pages\/116","targetHints":{"allow":["GET"]}}],"collection":[{"href":"https:\/\/labonnepatelarochelle.fr\/index.php\/wp-json\/wp\/v2\/pages"}],"about":[{"href":"https:\/\/labonnepatelarochelle.fr\/index.php\/wp-json\/wp\/v2\/types\/page"}],"author":[{"embeddable":true,"href":"https:\/\/labonnepatelarochelle.fr\/index.php\/wp-json\/wp\/v2\/users\/1"}],"replies":[{"embeddable":true,"href":"https:\/\/labonnepatelarochelle.fr\/index.php\/wp-json\/wp\/v2\/comments?post=116"}],"version-history":[{"count":12,"href":"https:\/\/labonnepatelarochelle.fr\/index.php\/wp-json\/wp\/v2\/pages\/116\/revisions"}],"predecessor-version":[{"id":1370,"href":"https:\/\/labonnepatelarochelle.fr\/index.php\/wp-json\/wp\/v2\/pages\/116\/revisions\/1370"}],"wp:featuredmedia":[{"embeddable":true,"href":"https:\/\/labonnepatelarochelle.fr\/index.php\/wp-json\/wp\/v2\/media\/269"}],"wp:attachment":[{"href":"https:\/\/labonnepatelarochelle.fr\/index.php\/wp-json\/wp\/v2\/media?parent=116"}],"curies":[{"name":"wp","href":"https:\/\/api.w.org\/{rel}","templated":true}]}}