{"id":80,"date":"2017-02-01T10:18:48","date_gmt":"2017-02-01T09:18:48","guid":{"rendered":"http:\/\/labonnepatelarochelle.fr\/?page_id=80"},"modified":"2021-03-18T16:56:47","modified_gmt":"2021-03-18T15:56:47","slug":"trouver-le-restaurant","status":"publish","type":"page","link":"https:\/\/labonnepatelarochelle.fr\/index.php\/trouver-le-restaurant\/","title":{"rendered":"O\u00f9 trouver le restaurant la Bonne P\u00e2te?"},"content":{"rendered":"<h1>Trouver le restaurant La Bonne P\u00e2te n&#8217;est pas compliqu\u00e9. Il est \u00e0 2 pas du Vieux port de La Rochelle<\/h1>\n<p>Pour trouver le restaurant, direction <strong>le\u00a0c\u0153ur de La Rochelle<\/strong>, dans un quartier tr\u00e8s tendance, le <strong>quartier Saint Nicolas<\/strong>. Vous y<strong>\u00a0<\/strong>\u00a0trouverez une charmante <strong>place pi\u00e9tonne<\/strong>, la <strong>place de la Fourche<\/strong>, o\u00f9 il fait bon se relaxer et laisser courir ses enfants.<\/p>\n<p>Cette place est romantique \u00e0 souhait, et pour ne rien g\u00e2cher, tr\u00e8s tr\u00e8s calme.<\/p>\n<p><iframe loading=\"lazy\" src=\"https:\/\/www.google.com\/maps\/d\/embed?mid=1QXbgiqWaLEUa078herQKCZeWPpU\" width=\"640\" height=\"480\"><\/iframe><\/p>\n<p>Pizzeria &#8211; La Bonne P\u00e2te<\/p>\n<p>3 place de la Fourche<\/p>\n<p>17000 La Rochelle<\/p>\n<p>Tel : 33 (0)5.16.85.50.43<\/p>\n","protected":false},"excerpt":{"rendered":"<p>Trouver le restaurant La Bonne P\u00e2te n&#8217;est pas compliqu\u00e9. Il est \u00e0 2 pas du Vieux port de La Rochelle Pour trouver le restaurant, direction le\u00a0c\u0153ur de La Rochelle, dans un quartier tr\u00e8s tendance, le quartier Saint Nicolas. Vous y\u00a0\u00a0trouverez une charmante place pi\u00e9tonne, la place de la Fourche, o\u00f9 il fait bon se relaxer [&hellip;]<\/p>\n","protected":false},"author":1,"featured_media":144,"parent":0,"menu_order":0,"comment_status":"closed","ping_status":"closed","template":"","meta":{"footnotes":""},"class_list":["post-80","page","type-page","status-publish","has-post-thumbnail","czr-hentry"],"yoast_head":"<!-- This site is optimized with the Yoast SEO plugin v27.4 - https:\/\/yoast.com\/product\/yoast-seo-wordpress\/ -->\n<title>O\u00f9 trouver le restaurant la Bonne P\u00e2te? &#8902; Restaurant La Bonne P\u00e2te - La Rochelle<\/title>\n<meta name=\"description\" content=\"Pour trouver le restaurant La Bonne P\u00e2te \u00e0 La Rochelle, cherchez le vieux port, et orientez-vous vers le tr\u00e8s beau quartier Saint Nicolas.\" \/>\n<meta name=\"robots\" content=\"index, follow, max-snippet:-1, max-image-preview:large, max-video-preview:-1\" \/>\n<link rel=\"canonical\" href=\"https:\/\/labonnepatelarochelle.fr\/index.php\/trouver-le-restaurant\/\" \/>\n<meta property=\"og:locale\" content=\"fr_FR\" \/>\n<meta property=\"og:type\" content=\"article\" \/>\n<meta property=\"og:title\" content=\"O\u00f9 trouver le restaurant la Bonne P\u00e2te? &#8902; Restaurant La Bonne P\u00e2te - La Rochelle\" \/>\n<meta property=\"og:description\" content=\"Pour trouver le restaurant La Bonne P\u00e2te \u00e0 La Rochelle, cherchez le vieux port, et orientez-vous vers le tr\u00e8s beau quartier Saint Nicolas.\" \/>\n<meta property=\"og:url\" content=\"https:\/\/labonnepatelarochelle.fr\/index.php\/trouver-le-restaurant\/\" \/>\n<meta property=\"og:site_name\" content=\"Restaurant La Bonne P\u00e2te - La Rochelle\" \/>\n<meta property=\"article:publisher\" content=\"http:\/\/www.facebook.com\/labonnepateLR\" \/>\n<meta property=\"article:modified_time\" content=\"2021-03-18T15:56:47+00:00\" \/>\n<meta property=\"og:image\" content=\"https:\/\/labonnepatelarochelle.fr\/wp-content\/uploads\/2017\/02\/nous_trouver.jpg\" \/>\n\t<meta property=\"og:image:width\" content=\"1920\" \/>\n\t<meta property=\"og:image:height\" content=\"1280\" \/>\n\t<meta property=\"og:image:type\" content=\"image\/jpeg\" \/>\n<meta name=\"twitter:card\" content=\"summary_large_image\" \/>\n<meta name=\"twitter:label1\" content=\"Dur\u00e9e de lecture estim\u00e9e\" \/>\n\t<meta name=\"twitter:data1\" content=\"1 minute\" \/>\n<!-- \/ Yoast SEO plugin. -->","yoast_head_json":{"title":"O\u00f9 trouver le restaurant la Bonne P\u00e2te? &#8902; Restaurant La Bonne P\u00e2te - La Rochelle","description":"Pour trouver le restaurant La Bonne P\u00e2te \u00e0 La Rochelle, cherchez le vieux port, et orientez-vous vers le tr\u00e8s beau quartier Saint Nicolas.","robots":{"index":"index","follow":"follow","max-snippet":"max-snippet:-1","max-image-preview":"max-image-preview:large","max-video-preview":"max-video-preview:-1"},"canonical":"https:\/\/labonnepatelarochelle.fr\/index.php\/trouver-le-restaurant\/","og_locale":"fr_FR","og_type":"article","og_title":"O\u00f9 trouver le restaurant la Bonne P\u00e2te? &#8902; Restaurant La Bonne P\u00e2te - La Rochelle","og_description":"Pour trouver le restaurant La Bonne P\u00e2te \u00e0 La Rochelle, cherchez le vieux port, et orientez-vous vers le tr\u00e8s beau quartier Saint Nicolas.","og_url":"https:\/\/labonnepatelarochelle.fr\/index.php\/trouver-le-restaurant\/","og_site_name":"Restaurant La Bonne P\u00e2te - La Rochelle","article_publisher":"http:\/\/www.facebook.com\/labonnepateLR","article_modified_time":"2021-03-18T15:56:47+00:00","og_image":[{"width":1920,"height":1280,"url":"https:\/\/labonnepatelarochelle.fr\/wp-content\/uploads\/2017\/02\/nous_trouver.jpg","type":"image\/jpeg"}],"twitter_card":"summary_large_image","twitter_misc":{"Dur\u00e9e de lecture estim\u00e9e":"1 minute"},"schema":{"@context":"https:\/\/schema.org","@graph":[{"@type":"WebPage","@id":"https:\/\/labonnepatelarochelle.fr\/index.php\/trouver-le-restaurant\/","url":"https:\/\/labonnepatelarochelle.fr\/index.php\/trouver-le-restaurant\/","name":"O\u00f9 trouver le restaurant la Bonne P\u00e2te? &#8902; Restaurant La Bonne P\u00e2te - La Rochelle","isPartOf":{"@id":"https:\/\/labonnepatelarochelle.fr\/#website"},"primaryImageOfPage":{"@id":"https:\/\/labonnepatelarochelle.fr\/index.php\/trouver-le-restaurant\/#primaryimage"},"image":{"@id":"https:\/\/labonnepatelarochelle.fr\/index.php\/trouver-le-restaurant\/#primaryimage"},"thumbnailUrl":"https:\/\/labonnepatelarochelle.fr\/wp-content\/uploads\/2017\/02\/nous_trouver.jpg","datePublished":"2017-02-01T09:18:48+00:00","dateModified":"2021-03-18T15:56:47+00:00","description":"Pour trouver le restaurant La Bonne P\u00e2te \u00e0 La Rochelle, cherchez le vieux port, et orientez-vous vers le tr\u00e8s beau quartier Saint Nicolas.","breadcrumb":{"@id":"https:\/\/labonnepatelarochelle.fr\/index.php\/trouver-le-restaurant\/#breadcrumb"},"inLanguage":"fr-FR","potentialAction":[{"@type":"ReadAction","target":["https:\/\/labonnepatelarochelle.fr\/index.php\/trouver-le-restaurant\/"]}]},{"@type":"ImageObject","inLanguage":"fr-FR","@id":"https:\/\/labonnepatelarochelle.fr\/index.php\/trouver-le-restaurant\/#primaryimage","url":"https:\/\/labonnepatelarochelle.fr\/wp-content\/uploads\/2017\/02\/nous_trouver.jpg","contentUrl":"https:\/\/labonnepatelarochelle.fr\/wp-content\/uploads\/2017\/02\/nous_trouver.jpg","width":1920,"height":1280,"caption":"trouver le restaurant"},{"@type":"BreadcrumbList","@id":"https:\/\/labonnepatelarochelle.fr\/index.php\/trouver-le-restaurant\/#breadcrumb","itemListElement":[{"@type":"ListItem","position":1,"name":"Accueil","item":"https:\/\/labonnepatelarochelle.fr\/"},{"@type":"ListItem","position":2,"name":"O\u00f9 trouver le restaurant la Bonne P\u00e2te?"}]},{"@type":"WebSite","@id":"https:\/\/labonnepatelarochelle.fr\/#website","url":"https:\/\/labonnepatelarochelle.fr\/","name":"Restaurant La Bonne P\u00e2te - La Rochelle","description":"Pizzas artisanales, bruschettas, p\u00e2tes, salades, et desserts maisons","potentialAction":[{"@type":"SearchAction","target":{"@type":"EntryPoint","urlTemplate":"https:\/\/labonnepatelarochelle.fr\/?s={search_term_string}"},"query-input":{"@type":"PropertyValueSpecification","valueRequired":true,"valueName":"search_term_string"}}],"inLanguage":"fr-FR"}]}},"_links":{"self":[{"href":"https:\/\/labonnepatelarochelle.fr\/index.php\/wp-json\/wp\/v2\/pages\/80","targetHints":{"allow":["GET"]}}],"collection":[{"href":"https:\/\/labonnepatelarochelle.fr\/index.php\/wp-json\/wp\/v2\/pages"}],"about":[{"href":"https:\/\/labonnepatelarochelle.fr\/index.php\/wp-json\/wp\/v2\/types\/page"}],"author":[{"embeddable":true,"href":"https:\/\/labonnepatelarochelle.fr\/index.php\/wp-json\/wp\/v2\/users\/1"}],"replies":[{"embeddable":true,"href":"https:\/\/labonnepatelarochelle.fr\/index.php\/wp-json\/wp\/v2\/comments?post=80"}],"version-history":[{"count":7,"href":"https:\/\/labonnepatelarochelle.fr\/index.php\/wp-json\/wp\/v2\/pages\/80\/revisions"}],"predecessor-version":[{"id":764,"href":"https:\/\/labonnepatelarochelle.fr\/index.php\/wp-json\/wp\/v2\/pages\/80\/revisions\/764"}],"wp:featuredmedia":[{"embeddable":true,"href":"https:\/\/labonnepatelarochelle.fr\/index.php\/wp-json\/wp\/v2\/media\/144"}],"wp:attachment":[{"href":"https:\/\/labonnepatelarochelle.fr\/index.php\/wp-json\/wp\/v2\/media?parent=80"}],"curies":[{"name":"wp","href":"https:\/\/api.w.org\/{rel}","templated":true}]}}