{"id":82,"date":"2017-02-01T10:22:03","date_gmt":"2017-02-01T09:22:03","guid":{"rendered":"http:\/\/labonnepatelarochelle.fr\/?page_id=82"},"modified":"2024-03-27T18:29:20","modified_gmt":"2024-03-27T17:29:20","slug":"notre-carte","status":"publish","type":"page","link":"https:\/\/labonnepatelarochelle.fr\/index.php\/notre-carte\/","title":{"rendered":"Notre carte"},"content":{"rendered":"\n<h1 class=\"wp-block-heading\">Voici notre carte<\/h1>\n\n\n\n<p><em>Derni\u00e8re mise \u00e0 jour : le 27\/03\/2024<\/em><\/p>\n\n\n\n<h2 class=\"wp-block-heading has-text-align-center\">Les Pizzas<\/h2>\n\n\n\n<p class=\"has-text-align-center\"><strong><em>Toutes nos pizzas sont garnies d&#8217;un m\u00e9lange emmental\/mozzarella, d&#8217;olives noires et d&#8217;origan, sauf indication base cr\u00e8me ci-dessous. <\/em><\/strong><em>All of our pizzas are topped with an emmental \/ mozzarella blend, black olives and oregano, unless indicated cream base below.<\/em><\/p>\n\n\n\n<h3 class=\"wp-block-heading has-text-align-center\">Nos sp\u00e9ciales<\/h3>\n\n\n\n<p><strong>BURRATA &#8211; 17,50\u20ac<\/strong><br>Parme, pesto, roquette, cr\u00e8me de balsamique, parmesan, burrata &#8211; <em>Parme ham, pesto, arugula, balsamic cream, parmesan cheese, burrata cheese<\/em><br><strong>VEGETARIENNE &#8211; 16,00\u20ac<\/strong><br>Artichaut, poivrons grill\u00e9s, champignons, aubergine, pesto, roquette &#8211; <em>Artichoke, grilled peppers, mushrooms, eggplant, pesto, aragula salad<\/em><br><strong>BLANCA &#8211; 16,00\u20ac<\/strong><br>[Base cr\u00e8me] Parme, champignons, huile de truffe, roquette &#8211; [cream base] <em>Parme ham, mushrooms, truffle oil, arugula<\/em><br><strong>BURGER &#8211; 15,50\u20ac<\/strong><br>Boeuf hach\u00e9, oignons confits, cheddar, sauce barbecue &#8211; <em>Ground beef, candied onions, cheddar cheese, barbecue sauce<\/em><\/p>\n\n\n\n<h3 class=\"wp-block-heading has-text-align-center\">Nos &#8220;Piadina&#8221;<\/h3>\n\n\n\n<p><strong>PIADINA Anchois Poivrons &#8211; 14,50\u20ac<\/strong><br>Anchois, poivrons grill\u00e9s, pesto, roquette &#8211; <em>Anchovies, grilled peppers, pesto, aragula<\/em><\/p>\n\n\n\n<p><strong>PIADINA V\u00e9g\u00e9tarienne &#8211; 15,00\u20ac<\/strong><br>Tomates confites, aubergine, poivrons grill\u00e9s, pesto, roquette &#8211; <em>Candied tomatos, eggplant, grilled peppers, pesto, aragula<\/em><\/p>\n\n\n\n<h3 class=\"wp-block-heading has-text-align-center\">Nos classiques<\/h3>\n\n\n\n<p><strong>FERMIERE &#8211; 15,50\u20ac<\/strong><br>[Base cr\u00e8me] Ch\u00e8vre, jambon, champignons, oeuf &#8211; [cream base] <em>Goat cheese, ham, mushrooms, egg<\/em><br><strong>ANDALOUSE &#8211; 14,50\u20ac<\/strong><br>Chorizo, poivrons grill\u00e9s &#8211; <em>Chorizo, grilled peppers<\/em><br><strong>PARME &#8211; 15,50\u20ac<\/strong><br>Parme, pesto, roquette, cr\u00e8me de balsamique, parmesan &#8211; <em>Parme ham, pesto, arugula, balsamic cream, parmesan cheese<\/em><br><strong>SAUMON &#8211; 16,50\u20ac<\/strong><span style=\"color: #ff6600;\"><strong> (disponible en \u00e9t\u00e9 seulement)<\/strong><\/span><br>[Base cr\u00e8me] Saumon fum\u00e9, ciboulette, roquette, citron, cr\u00e8me balsamique &#8211; [cream base] S<em>moked salmon, chives, arugula, lemon, balsamic cream<\/em><br><strong>CHEVRE-MIEL &#8211; 14,50\u20ac<\/strong><br>Ch\u00e8vre, miel, noix, roquette, cr\u00e8me balsamique &#8211; <em>Goat cheese, honey, walnuts, arugula, balsamic cream<\/em><\/p>\n\n\n\n<h3 class=\"wp-block-heading has-text-align-center\">Les traditionnelles<\/h3>\n\n\n\n<p><strong>MARGHERITA &#8211; 12,80\u20ac<\/strong><br><strong>REINE &#8211; 13,80\u20ac<\/strong><br>Jambon, champignons &#8211; <em>Ham, mushrooms<\/em><br><strong>ANCHOIS\/OLIVES &#8211; 13,50\u20ac<\/strong><br>Anchois &#8211;<em> Anchovies<\/em><br><strong>3 FROMAGES &#8211; 14,00\u20ac<\/strong><br>[Base cr\u00e8me] Ch\u00e8vre, Roquefort &#8211; [cream base] <em>Goat cheese, Roquefort<\/em><\/p>\n\n\n\n<p>Suppl\u00e9ments : Burrata 3,50\u20ac \/ Jambon Parme 2,50\u20ac \/ Autres 1\u20ac<\/p>\n\n\n\n<h2 class=\"wp-block-heading\">&nbsp;<\/h2>\n\n\n\n<h2 class=\"wp-block-heading has-text-align-center\">Les P\u00e2tes<\/h2>\n\n\n\n<p class=\"has-text-align-center\"><i>Liguine fra\u00eeches<\/i><\/p>\n\n\n\n<p><strong>PUTANESCA &#8211; 14,20\u20ac<\/strong><br>Sauce tomate, anchois, c\u00e2pres, ail, piment, olives noires, parmesan &#8211; <em>Tomato sauce, anchovies, capers, garlic, chilly pepper, black olives, parmesan cheese<\/em><\/p>\n\n\n\n<p><strong>LEGUMES\/COPPA &#8211; 14,80\u20ac<\/strong><br>Tomates confites, aubergines et poivrons grill\u00e9s, pesto, chips de coppa, pignons de pin torr\u00e9fi\u00e9s, parmesan, roquette, basilic &#8211; <em>Candied tomatos, grilled eggplants and peppers, pesto, coppas crisps, roasted pine nuts, parmesan cheese, aragula salad, basil<\/em><\/p>\n\n\n\n<p><strong>LEGUMES\/COPPA &#8211; 14,50\u20ac<\/strong><\/p>\n\n\n\n<p>Tomates s\u00e9ch\u00e9es, aubergines grill\u00e9s, pesto rosso, burratina, roquette, basilic &#8211; <em>dried tomatos, grilled eggplants, pesto rosso aragula salad, basilic<\/em><\/p>\n\n\n\n<h2 class=\"wp-block-heading\">&nbsp;<\/h2>\n\n\n\n<h2 class=\"wp-block-heading has-text-align-center\">Les bruschettas<\/h2>\n\n\n\n<p class=\"has-text-align-center\"><em><strong>Pain de campagne artisanal, tartare de l\u00e9gumes, cr\u00e8me balsamique, roquette, accompagnement salade verte. <\/strong>Artisanal country bread, vegetables tartare, balsamic vinegar cream, aragula, side dish of green salad.<\/em><\/p>\n\n\n\n<p><strong>MIEL &#8211; 13,50\u20ac<\/strong><br>Ch\u00e8vre, miel, poivrons grill\u00e9s, noix &#8211; <em>goat cheese, honey, grilled peppers, walnut<\/em><br><strong>ITALIENNE &#8211; 14,50\u20ac<\/strong><br>mozzarella, parme, pesto, parmesan &#8211; <em>mozzarella, parme ham, pesto, parmesan cheese<\/em><br><strong>ANCHOIS\/OLIVES &#8211; 13,20\u20ac<\/strong><br>poivrons grill\u00e9s, anchois, olives noires, mozzarella &#8211;&nbsp;<em>Grilled peppers, anchovies, black olives, mozzarella<\/em><br><strong>SAUMON &#8211; 15,00\u20ac <span style=\"color: #ff6600;\"> (disponible en \u00e9t\u00e9 seulement)<\/span><\/strong><br>Saumon fum\u00e9, cr\u00e8me ciboulette, citron, concombre &#8211; <em>smoked salmon, chives cream, lemon, cucumber<\/em><br><strong>VEGETARIENNE &#8211; 14,50\u20ac<\/strong><br>artichaut, poivrons grill\u00e9s, aubergine, mozzarella, pesto &#8211; <em>Artichoke, grilled peppers, eggplant, mozzarella, pesto<\/em><br><strong>BURRATA &#8211; 14,50\u20ac<\/strong><br>Burrata, tomates confites, pesto, roquette, cr\u00e8me balsamique &#8211; <em>Burrata cheese, candied tomatos, pesto, aragula salad, balsamic cream<\/em><\/p>\n\n\n\n<h2 class=\"wp-block-heading has-text-align-center\">Les&nbsp;salades<\/h2>\n\n\n\n<p class=\"has-text-align-center\"><strong>Base salade verte, vinaigrette (arachide, moutarde, miel, &#8230;)<\/strong> &#8211; <em>Green salad base, dressing (peanut oil, mustard, honey, &#8230;)<\/em><\/p>\n\n\n\n<p><strong>NAPOLITAINE &#8211; 15,50\u20ac<\/strong><br>Burrata, anchois, olives noires, tomates confites, parme, parmesan, pesto &#8211; <em>Burrata cheese, anchovies, black olives, candied tomatos, parmesan cheese, pesto<\/em><br><strong>BURRATA &#8211; 15,50\u20ac<\/strong><br>Burrata, tomates cerises fra\u00eeches et confites, poivrons grill\u00e9s, artichauts confits, pesto, roquette, cr\u00e8me balsamique, vinaigrette aux fruits rouges &#8211;&nbsp;<em>Burrata cheese, fresh and candied cherry tomatos, grilled peppers, candied artichokes, pesto, aragula salad, balsamic cream, red fruits dressing<\/em><br><strong>CH\u00c8VRE CHAUD &#8211; 15,00\u20ac<\/strong><br>tomate, ch\u00e8vre chaud au miel, noix, poivrons grill\u00e9s<\/p>\n\n\n\n<h2 class=\"wp-block-heading has-text-align-center\">Plats enfants<\/h2>\n\n\n\n<p><strong>Plats au choix \u00e0 la carte en portion enfant : -20%<\/strong><br><strong>PATES JAMBON FROMAGE ENFANT &#8211; 7,00\u20ac<\/strong><\/p>\n\n\n\n<h2 class=\"wp-block-heading\">&nbsp;<\/h2>\n\n\n\n<h2 class=\"wp-block-heading has-text-align-center\">Les desserts<\/h2>\n\n\n\n<h3 class=\"wp-block-heading has-text-align-center\"><strong>Les desserts maison<\/strong><\/h3>\n\n\n\n<p><strong>PANNA COTTA &#8211; 6,80\u20ac<\/strong><br>Au caramel beurre sal\u00e9 ou coulis de fruits rouges ou fruits rouges<br><strong>TIRAMISU &#8211; 7,00\u20ac<\/strong><br><strong>BABA AU LIMONCELLO &#8211; 7,00\u20ac<\/strong><br>Avec chantilly et glace vanille<br><strong>AFFOGATO &#8211; 6,80\u20ac<\/strong><br>Glace vanille, caf\u00e9 expresso, \u00e9clats de noisettes torr\u00e9fi\u00e9es<\/p>\n\n\n\n<p>Suppl\u00e9ments&nbsp;: chantilly, sauce ou coulis de fruits 0,50\u20ac &#8211; boule de glace 1\u20ac<\/p>\n\n\n\n<h3 class=\"wp-block-heading\">&nbsp;<\/h3>\n\n\n\n<h3 class=\"wp-block-heading has-text-align-center\"><strong>Les coupes glac\u00e9es<\/strong><\/h3>\n\n\n\n<p class=\"has-text-align-center\">(accompagn\u00e9es de chantilly)<\/p>\n\n\n\n<p><strong>DAME BLANCHE &#8211; 8,00\u20ac<\/strong><br>3 boules vanille, sauce chocolat<br><strong>LIEGEOIS &#8211; 8,00\u20ac<\/strong><br><strong>Chocolat :<\/strong> 2 boules chocolat, 1 boule vanille, sauce chocolat<br><b>Caramel : <\/b>2 boules caramel, 1 boule vanille, sauce caramel<br><strong>Caf\u00e9 : <\/strong>2 boules caf\u00e9, 1 boule vanille, sauce caf\u00e9<br><strong>COUPE BULGARE &#8211; 8,00\u20ac<\/strong><br>2 boules yaourt bulgare, 1 boule vanille, coulis de fruits rouges<br><strong>SUNDAY CARAMEL &#8211; 7,50\u20ac<\/strong><br>2 boules vanille, sauce caramel, \u00e9clats de cacahu\u00e8tes<br><strong>COUPE 3 BOULES &#8211; 7,50\u20ac<\/strong><br><strong>COUPE 2 BOULES &#8211; 5,20\u20ac<\/strong><br><strong>COUPE 1 BOULE &#8211; 2,80\u20ac<\/strong><br>Parfums au choix<\/p>\n\n\n\n<p class=\"has-text-align-center\"><strong>PARFUMS<\/strong><\/p>\n\n\n\n<p><strong>CR\u00c8MES GLAC\u00c9ES\u00a0:<\/strong><br>Vanille, Chocolat intense, Caramel fleur de sel, Yaourt bulgare, Caf\u00e9<br><strong>SORBETS\u00a0:<\/strong><br>Cassis, Citron, Fraise, Passion<\/p>\n","protected":false},"excerpt":{"rendered":"<p>Voici notre carte Derni\u00e8re mise \u00e0 jour : le 27\/03\/2024 Les Pizzas Toutes nos pizzas sont garnies d&#8217;un m\u00e9lange emmental\/mozzarella, d&#8217;olives noires et d&#8217;origan, sauf indication base cr\u00e8me ci-dessous. All of our pizzas are topped with an emmental \/ mozzarella blend, black olives and oregano, unless indicated cream base below. Nos sp\u00e9ciales BURRATA &#8211; 17,50\u20acParme, [&hellip;]<\/p>\n","protected":false},"author":1,"featured_media":71,"parent":0,"menu_order":0,"comment_status":"closed","ping_status":"closed","template":"","meta":{"footnotes":""},"class_list":["post-82","page","type-page","status-publish","has-post-thumbnail","czr-hentry"],"yoast_head":"<!-- This site is optimized with the Yoast SEO plugin v27.4 - https:\/\/yoast.com\/product\/yoast-seo-wordpress\/ -->\n<title>Notre carte &#8902; Restaurant La Bonne P\u00e2te - La Rochelle<\/title>\n<meta name=\"robots\" content=\"index, follow, max-snippet:-1, max-image-preview:large, max-video-preview:-1\" \/>\n<link rel=\"canonical\" href=\"https:\/\/labonnepatelarochelle.fr\/index.php\/notre-carte\/\" \/>\n<meta property=\"og:locale\" content=\"fr_FR\" \/>\n<meta property=\"og:type\" content=\"article\" \/>\n<meta property=\"og:title\" content=\"Notre carte &#8902; Restaurant La Bonne P\u00e2te - La Rochelle\" \/>\n<meta property=\"og:description\" content=\"Voici notre carte Derni\u00e8re mise \u00e0 jour : le 27\/03\/2024 Les Pizzas Toutes nos pizzas sont garnies d&#8217;un m\u00e9lange emmental\/mozzarella, d&#8217;olives noires et d&#8217;origan, sauf indication base cr\u00e8me ci-dessous. All of our pizzas are topped with an emmental \/ mozzarella blend, black olives and oregano, unless indicated cream base below. Nos sp\u00e9ciales BURRATA &#8211; 17,50\u20acParme, [&hellip;]\" \/>\n<meta property=\"og:url\" content=\"https:\/\/labonnepatelarochelle.fr\/index.php\/notre-carte\/\" \/>\n<meta property=\"og:site_name\" content=\"Restaurant La Bonne P\u00e2te - La Rochelle\" \/>\n<meta property=\"article:publisher\" content=\"http:\/\/www.facebook.com\/labonnepateLR\" \/>\n<meta property=\"article:modified_time\" content=\"2024-03-27T17:29:20+00:00\" \/>\n<meta property=\"og:image\" content=\"https:\/\/labonnepatelarochelle.fr\/wp-content\/uploads\/2017\/02\/pizza-1209748_1920.jpg\" \/>\n\t<meta property=\"og:image:width\" content=\"1920\" \/>\n\t<meta property=\"og:image:height\" content=\"1151\" \/>\n\t<meta property=\"og:image:type\" content=\"image\/jpeg\" \/>\n<meta name=\"twitter:card\" content=\"summary_large_image\" \/>\n<meta name=\"twitter:label1\" content=\"Dur\u00e9e de lecture estim\u00e9e\" \/>\n\t<meta name=\"twitter:data1\" content=\"4 minutes\" \/>\n<!-- \/ Yoast SEO plugin. -->","yoast_head_json":{"title":"Notre carte &#8902; Restaurant La Bonne P\u00e2te - La Rochelle","robots":{"index":"index","follow":"follow","max-snippet":"max-snippet:-1","max-image-preview":"max-image-preview:large","max-video-preview":"max-video-preview:-1"},"canonical":"https:\/\/labonnepatelarochelle.fr\/index.php\/notre-carte\/","og_locale":"fr_FR","og_type":"article","og_title":"Notre carte &#8902; Restaurant La Bonne P\u00e2te - La Rochelle","og_description":"Voici notre carte Derni\u00e8re mise \u00e0 jour : le 27\/03\/2024 Les Pizzas Toutes nos pizzas sont garnies d&#8217;un m\u00e9lange emmental\/mozzarella, d&#8217;olives noires et d&#8217;origan, sauf indication base cr\u00e8me ci-dessous. All of our pizzas are topped with an emmental \/ mozzarella blend, black olives and oregano, unless indicated cream base below. Nos sp\u00e9ciales BURRATA &#8211; 17,50\u20acParme, [&hellip;]","og_url":"https:\/\/labonnepatelarochelle.fr\/index.php\/notre-carte\/","og_site_name":"Restaurant La Bonne P\u00e2te - La Rochelle","article_publisher":"http:\/\/www.facebook.com\/labonnepateLR","article_modified_time":"2024-03-27T17:29:20+00:00","og_image":[{"width":1920,"height":1151,"url":"https:\/\/labonnepatelarochelle.fr\/wp-content\/uploads\/2017\/02\/pizza-1209748_1920.jpg","type":"image\/jpeg"}],"twitter_card":"summary_large_image","twitter_misc":{"Dur\u00e9e de lecture estim\u00e9e":"4 minutes"},"schema":{"@context":"https:\/\/schema.org","@graph":[{"@type":"WebPage","@id":"https:\/\/labonnepatelarochelle.fr\/index.php\/notre-carte\/","url":"https:\/\/labonnepatelarochelle.fr\/index.php\/notre-carte\/","name":"Notre carte &#8902; Restaurant La Bonne P\u00e2te - La Rochelle","isPartOf":{"@id":"https:\/\/labonnepatelarochelle.fr\/#website"},"primaryImageOfPage":{"@id":"https:\/\/labonnepatelarochelle.fr\/index.php\/notre-carte\/#primaryimage"},"image":{"@id":"https:\/\/labonnepatelarochelle.fr\/index.php\/notre-carte\/#primaryimage"},"thumbnailUrl":"https:\/\/labonnepatelarochelle.fr\/wp-content\/uploads\/2017\/02\/pizza-1209748_1920.jpg","datePublished":"2017-02-01T09:22:03+00:00","dateModified":"2024-03-27T17:29:20+00:00","breadcrumb":{"@id":"https:\/\/labonnepatelarochelle.fr\/index.php\/notre-carte\/#breadcrumb"},"inLanguage":"fr-FR","potentialAction":[{"@type":"ReadAction","target":["https:\/\/labonnepatelarochelle.fr\/index.php\/notre-carte\/"]}]},{"@type":"ImageObject","inLanguage":"fr-FR","@id":"https:\/\/labonnepatelarochelle.fr\/index.php\/notre-carte\/#primaryimage","url":"https:\/\/labonnepatelarochelle.fr\/wp-content\/uploads\/2017\/02\/pizza-1209748_1920.jpg","contentUrl":"https:\/\/labonnepatelarochelle.fr\/wp-content\/uploads\/2017\/02\/pizza-1209748_1920.jpg","width":1920,"height":1151},{"@type":"BreadcrumbList","@id":"https:\/\/labonnepatelarochelle.fr\/index.php\/notre-carte\/#breadcrumb","itemListElement":[{"@type":"ListItem","position":1,"name":"Accueil","item":"https:\/\/labonnepatelarochelle.fr\/"},{"@type":"ListItem","position":2,"name":"Notre carte"}]},{"@type":"WebSite","@id":"https:\/\/labonnepatelarochelle.fr\/#website","url":"https:\/\/labonnepatelarochelle.fr\/","name":"Restaurant La Bonne P\u00e2te - La Rochelle","description":"Pizzas artisanales, bruschettas, p\u00e2tes, salades, et desserts maisons","potentialAction":[{"@type":"SearchAction","target":{"@type":"EntryPoint","urlTemplate":"https:\/\/labonnepatelarochelle.fr\/?s={search_term_string}"},"query-input":{"@type":"PropertyValueSpecification","valueRequired":true,"valueName":"search_term_string"}}],"inLanguage":"fr-FR"}]}},"_links":{"self":[{"href":"https:\/\/labonnepatelarochelle.fr\/index.php\/wp-json\/wp\/v2\/pages\/82","targetHints":{"allow":["GET"]}}],"collection":[{"href":"https:\/\/labonnepatelarochelle.fr\/index.php\/wp-json\/wp\/v2\/pages"}],"about":[{"href":"https:\/\/labonnepatelarochelle.fr\/index.php\/wp-json\/wp\/v2\/types\/page"}],"author":[{"embeddable":true,"href":"https:\/\/labonnepatelarochelle.fr\/index.php\/wp-json\/wp\/v2\/users\/1"}],"replies":[{"embeddable":true,"href":"https:\/\/labonnepatelarochelle.fr\/index.php\/wp-json\/wp\/v2\/comments?post=82"}],"version-history":[{"count":40,"href":"https:\/\/labonnepatelarochelle.fr\/index.php\/wp-json\/wp\/v2\/pages\/82\/revisions"}],"predecessor-version":[{"id":1209,"href":"https:\/\/labonnepatelarochelle.fr\/index.php\/wp-json\/wp\/v2\/pages\/82\/revisions\/1209"}],"wp:featuredmedia":[{"embeddable":true,"href":"https:\/\/labonnepatelarochelle.fr\/index.php\/wp-json\/wp\/v2\/media\/71"}],"wp:attachment":[{"href":"https:\/\/labonnepatelarochelle.fr\/index.php\/wp-json\/wp\/v2\/media?parent=82"}],"curies":[{"name":"wp","href":"https:\/\/api.w.org\/{rel}","templated":true}]}}